{"id":2,"date":"2023-10-25T15:07:29","date_gmt":"2023-10-25T15:07:29","guid":{"rendered":"https:\/\/lisibischof.ch\/?page_id=2"},"modified":"2024-09-18T09:15:35","modified_gmt":"2024-09-18T09:15:35","slug":"sample-page","status":"publish","type":"page","link":"https:\/\/www.lisibischof.ch\/index.php\/sample-page\/","title":{"rendered":"Was ich gerne mache!"},"content":{"rendered":"<p><img loading=\"lazy\" decoding=\"async\" class=\"aligncenter size-full wp-image-30\" src=\"https:\/\/www.lisibischof.ch\/wp-content\/uploads\/2023\/10\/wasichgernetue.png\" alt=\"\" width=\"981\" height=\"711\" srcset=\"https:\/\/www.lisibischof.ch\/wp-content\/uploads\/2023\/10\/wasichgernetue.png 981w, https:\/\/www.lisibischof.ch\/wp-content\/uploads\/2023\/10\/wasichgernetue-300x217.png 300w, https:\/\/www.lisibischof.ch\/wp-content\/uploads\/2023\/10\/wasichgernetue-768x557.png 768w\" sizes=\"auto, (max-width: 981px) 100vw, 981px\" \/><\/p>\n\n\n<p><strong>Lisi und die Tiere<\/strong><\/p>\n\n\n\n<p>Lisi liebte Tiere, vor allem Haustiere, die man bei sich haben kann und denen man etwas beibringen kann. Da auch wir uns immer Katzen gew\u00fcnscht hatten, kamen Chicca und Lulu als Geschwisterpaar an Lisi\u2019s 6. Geburtstag, im Februar 2018 zu uns ins Laret. Lulu ist Emil\u2019s Kater und Chicca ist Lisi\u2019s Katze. Stundenlang konnte Lisi mit Chicca auf dem Bett liegen, ihre Hand auf ihrem seidigen Fell und schlafen.<\/p>\n\n\n\n<p>Ein Highlight war Chiccas Schwangerschaft im Corona-Sommer 2020. Vier Junge brachte sie am 24.4.2020 zur Welt, Lisi war dabei, Emil wollte weiterschlafen. Die Jungen abzugeben war sehr schwer f\u00fcr Lisi, auch wenn sie wusste, dass sie nicht bei uns bleiben k\u00f6nnen, dann w\u00fcrde sicher Lulu und vielleicht auch Chicca fr\u00fcher oder sp\u00e4ter das Weite suchen.<\/p>\n\n\n\n<p>Und Lisi liebte Pferde. Allen voran ihr Gexli und Jack, beides Pferde im Reitstall im Sand von Judith von Gunten. Dort ist Lisi seit sie 6 Jahre alt war jeden Samstag reiten gegangen und hat an mindestens einem Reitlager im Jahr teilgenommen. Sie konnte mit den Pferden mitf\u00fchlen, sie verstehen und die Pferde haben auf Lisi aufgepasst. Wer schon mal im Galopp auf dem R\u00fccken eines Pferdes dahin geflogen ist, weiss, dass es ein unbeschreiblich sch\u00f6nes Gef\u00fchl ist, ein Freiheitsgef\u00fchl und sich anf\u00fchlt wie Fliegen. Das hat Lisi geliebt, dieses Gef\u00fchl von Freiheit. Und sie war fasziniert davon, dass diese grossen Tiere so sensibel und feinf\u00fchlig sind und die Gedanken des Reiters lesen k\u00f6nnen. Man denkt \u00abrechts\u00bb und das Pferd l\u00e4uft nach rechts. Sie war \u00fcberzeugt davon, dass es keine Peitsche oder Sporen braucht um ein Pferd anzutreiben, sondern liebevolles aber bestimmtes zureden. Und davon hatte Lisi mehr denn genug zur Verf\u00fcgung, Liebe und eine nat\u00fcrliche Autorit\u00e4t.<\/p>\n\n\n\n<p>\u00abich will einen Hund\u00bb, vermutlich war das einer von Lisi\u2019s allerersten ganzen S\u00e4tzen. Seit Lisi reden kann, wollte sie einen Hund. Da ich, Nicole, seit meiner Kindheit mit einer ausgewachsenen Hundeangst \u2018gesegnet\u2019 war, war das nie eine Option. Irgendwann hatte Lisi mich soweit, dass ich ihr versprach, ich schenke dir einen Hund wenn Du 18 bist und dann mit ihm ausziehst. 2 Jahre sp\u00e4ter hatte sie mich durch ihr ewig andauerndes Mantra soweit, dass ich ihr zum 12. Geburtstag einen Hund versprach. Im Sommerurlaub 2022 waren wir auf Naxos windsurfen und unsere Surflehrerin Tina hatte ihre Mia, eine s\u00fcsse Strassenh\u00fcndin immer dabei, da war es dann um uns geschehen. Wir suchten nach einem Hund f\u00fcr uns, es sollte ein Strassenhund sein, der ein zu Hause sucht und ein Welpe, da wir uns als Hunde-Analphabeten keinen alten Hund zutrauten. Und so kam am 9.9.2022 Sisu zu uns. Es war ein Gl\u00fcckgriff und Lisi hat uns damit so einen Schatz beschert, mit dem wir lernen konnten, wie Beziehungsgestaltung zwischen Freiheit und Konsequenz gelingt. Und Sisu hat sich auch schon als Therapiehund f\u00fcr Lisi erwiesen. Sie hat mit ihm den Junghundekurs absolviert und ihn sehr gut erzogen. Selbst w\u00e4hrend ihrer Erkrankung als sie nicht gesprochen hat, konnte sie Sisu nur mit dem Anheben des Zeigefingers f\u00fchren.<\/p>\n\n\n\n<p>Lisi liebte aber auch andere Tiere, die man eher nicht als Haustier haben kann, z.B. Eisb\u00e4ren und Pinguine. \u00dcberhaupt alle Tiere, die pl\u00fcschig und kuschelig sind, fand Lisi wundervoll.<\/p>\n\n\n\n<p>Und auch Tiere, die nur aus Pl\u00fcsch waren, liebte Lisi \u00fcber alles. Sie hatte immer und \u00fcberall mindestens 2-3 Pl\u00fcschtiere dabei, ob als mini-Anh\u00e4nger am Schulranzen oder zum Schlafen im Bett oder auf Reisen auf dem Schoss. Auch ihre Pl\u00fcschtiere hat sie beseelt, ihnen Namen gegeben und ihnen Eigenschaften zugeschrieben. So waren ihre ersten wichtigsten Begleiter ihre zwei Jungs, Belly und Teddy. Sp\u00e4ter wurde das R\u00f6ssli zum wichtigsten Begleiter f\u00fcr sie. Der Eisi war lange ihr wichtigster Schlafbewacher. Und w\u00e4hrend ihrer Tumorerkrankung war Theo, das Rentier, ihr heilig. Theo hat sie auch in den Himmel begleitet, so wie das Rentiere halt machen und den Schlitten zum Himmel hoch ziehen. Und Alfred, der kleine s\u00fcsse Igel, der mit seinen Stacheln alle Luftballone platzen l\u00e4sst, die schlechte Dinge symbolisieren wie z.B. die Magensonde, der Nebel in Z\u00fcrich, tiefe Blutwerte, das ewige Pieksen und Blutabnehmen, die Medikamente, die Schmerzen\u2026<\/p>\n\n\n\t \r\n\t\t<div class='wp-block-lbb-lightbox  align' id='lbbLightBox-dc21bd55-f' data-attributes='{&quot;cId&quot;:&quot;dc21bd55-f&quot;,&quot;lightboxType&quot;:&quot;gallery&quot;,&quot;items&quot;:[{&quot;type&quot;:&quot;image&quot;,&quot;thumbnail&quot;:&quot;https:\\\/\\\/bblockswp.com\\\/wp-content\\\/demo\\\/img\\\/green-hill.jpg&quot;,&quot;content&quot;:&quot;https:\\\/\\\/www.lisibischof.ch\\\/wp-content\\\/uploads\\\/2024\\\/02\\\/IMG-20211113-WA0000.jpg&quot;,&quot;caption&quot;:&quot;Caption Here&quot;},{&quot;type&quot;:&quot;image&quot;,&quot;thumbnail&quot;:&quot;https:\\\/\\\/bblockswp.com\\\/wp-content\\\/demo\\\/img\\\/green-hill.jpg&quot;,&quot;content&quot;:&quot;https:\\\/\\\/www.lisibischof.ch\\\/wp-content\\\/uploads\\\/2024\\\/02\\\/IMG-20211110-WA0004.jpg&quot;},{&quot;type&quot;:&quot;image&quot;,&quot;thumbnail&quot;:&quot;https:\\\/\\\/bblockswp.com\\\/wp-content\\\/demo\\\/img\\\/green-hill.jpg&quot;,&quot;content&quot;:&quot;https:\\\/\\\/www.lisibischof.ch\\\/wp-content\\\/uploads\\\/2024\\\/02\\\/20230601_073647-scaled.jpg&quot;},{&quot;type&quot;:&quot;image&quot;,&quot;thumbnail&quot;:&quot;https:\\\/\\\/bblockswp.com\\\/wp-content\\\/demo\\\/img\\\/green-hill.jpg&quot;,&quot;content&quot;:&quot;https:\\\/\\\/www.lisibischof.ch\\\/wp-content\\\/uploads\\\/2024\\\/02\\\/20220423_115246-scaled.jpg&quot;},{&quot;type&quot;:&quot;image&quot;,&quot;thumbnail&quot;:&quot;https:\\\/\\\/bblockswp.com\\\/wp-content\\\/demo\\\/img\\\/green-hill.jpg&quot;,&quot;content&quot;:&quot;https:\\\/\\\/www.lisibischof.ch\\\/wp-content\\\/uploads\\\/2024\\\/07\\\/2021_06_27-10_24_45-scaled.jpg&quot;},{&quot;type&quot;:&quot;image&quot;,&quot;thumbnail&quot;:&quot;https:\\\/\\\/bblockswp.com\\\/wp-content\\\/demo\\\/img\\\/green-hill.jpg&quot;,&quot;content&quot;:&quot;https:\\\/\\\/www.lisibischof.ch\\\/wp-content\\\/uploads\\\/2024\\\/08\\\/IMG-20230329-WA0000.jpg&quot;},{&quot;type&quot;:&quot;image&quot;,&quot;thumbnail&quot;:&quot;https:\\\/\\\/bblockswp.com\\\/wp-content\\\/demo\\\/img\\\/green-hill.jpg&quot;,&quot;content&quot;:&quot;https:\\\/\\\/www.lisibischof.ch\\\/wp-content\\\/uploads\\\/2024\\\/08\\\/IMG-20230330-WA0016.jpg&quot;}],&quot;align&quot;:&quot;&quot;,&quot;layout&quot;:&quot;default&quot;,&quot;columns&quot;:{&quot;desktop&quot;:3,&quot;tablet&quot;:2,&quot;mobile&quot;:1},&quot;columnGap&quot;:&quot;25px&quot;,&quot;rowGap&quot;:&quot;25px&quot;,&quot;content&quot;:{&quot;caption&quot;:false,&quot;overlyColor&quot;:false},&quot;button&quot;:{&quot;icon&quot;:{&quot;class&quot;:&quot;fab fa-wordpress&quot;},&quot;text&quot;:&quot;Image&quot;},&quot;galleryIcon&quot;:true,&quot;popupOptions&quot;:{&quot;mixAllData&quot;:false},&quot;popupIconLeft&quot;:{&quot;infobar&quot;:true},&quot;popupIconMiddle&quot;:{&quot;zoomIn&quot;:true,&quot;zoomOut&quot;:true,&quot;toggle1to1&quot;:false,&quot;rotateCCW&quot;:false,&quot;rotateCW&quot;:false,&quot;flipX&quot;:false,&quot;flipY&quot;:false,&quot;fullscreen&quot;:true},&quot;popupIconRight&quot;:{&quot;twitter&quot;:false,&quot;facebook&quot;:false,&quot;download&quot;:false,&quot;slideshow&quot;:true,&quot;thumbs&quot;:true,&quot;close&quot;:true},&quot;thumb&quot;:{&quot;type&quot;:&quot;classic&quot;,&quot;showOnStart&quot;:true,&quot;minCount&quot;:2},&quot;slideShow&quot;:{&quot;playOnStart&quot;:false,&quot;timeout&quot;:3000},&quot;options&quot;:{&quot;wheel&quot;:&quot;zoom&quot;,&quot;transition&quot;:&quot;fade&quot;},&quot;controls&quot;:{&quot;play-large&quot;:true,&quot;restart&quot;:false,&quot;rewind&quot;:true,&quot;play&quot;:true,&quot;fast-forward&quot;:true,&quot;progress&quot;:true,&quot;current-time&quot;:false,&quot;duration&quot;:false,&quot;mute&quot;:false,&quot;volume&quot;:true,&quot;pip&quot;:false,&quot;airplay&quot;:false,&quot;settings&quot;:false,&quot;download&quot;:false,&quot;fullscreen&quot;:true},&quot;playerColor&quot;:&quot;#03a5ed&quot;,&quot;overlyColor&quot;:&quot;#00000061&quot;,&quot;img&quot;:{&quot;animation&quot;:&quot;zoomIn&quot;,&quot;borderRadius&quot;:5},&quot;image&quot;:{&quot;ratio&quot;:&quot;4:3&quot;},&quot;imgBorder&quot;:{&quot;color&quot;:&quot;#4527a4&quot;,&quot;style&quot;:&quot;solid&quot;,&quot;width&quot;:&quot;0px&quot;},&quot;caption&quot;:{&quot;position&quot;:&quot;overlyCenter&quot;},&quot;captionTypo&quot;:{&quot;fontSize&quot;:{&quot;desktop&quot;:16,&quot;tablet&quot;:15,&quot;mobile&quot;:14},&quot;fontWeight&quot;:500,&quot;lineHeight&quot;:&quot;135%&quot;},&quot;captionColors&quot;:{&quot;color&quot;:&quot;#fff&quot;,&quot;bg&quot;:&quot;#00000000&quot;},&quot;btnTypo&quot;:{&quot;fontSize&quot;:{&quot;desktop&quot;:18,&quot;tablet&quot;:15,&quot;mobile&quot;:14},&quot;fontWeight&quot;:500,&quot;lineHeight&quot;:&quot;100%&quot;},&quot;btnWidth&quot;:&quot;&quot;,&quot;btnHeight&quot;:&quot;&quot;,&quot;btnAlign&quot;:&quot;left&quot;,&quot;btnType&quot;:&quot;&quot;,&quot;btnStyle&quot;:&quot;&quot;,&quot;btnColors&quot;:{&quot;color&quot;:&quot;#4527a4&quot;,&quot;bg&quot;:&quot;#fff&quot;},&quot;btnHovColors&quot;:{&quot;color&quot;:&quot;#333&quot;,&quot;bg&quot;:&quot;#fff&quot;},&quot;btnPadding&quot;:{&quot;top&quot;:&quot;8px&quot;,&quot;right&quot;:&quot;15px&quot;,&quot;bottom&quot;:&quot;8px&quot;,&quot;left&quot;:&quot;15px&quot;},&quot;btnBorder&quot;:{&quot;color&quot;:&quot;#4527a4&quot;,&quot;style&quot;:&quot;solid&quot;,&quot;width&quot;:&quot;1px&quot;},&quot;btnRadius&quot;:{&quot;top&quot;:&quot;3px&quot;,&quot;right&quot;:&quot;3px&quot;,&quot;bottom&quot;:&quot;3px&quot;,&quot;left&quot;:&quot;3px&quot;},&quot;btnSpaceBetween&quot;:&quot;10px&quot;,&quot;styles&quot;:&quot;&quot;}' data-content-indexs=\"[]\" data-nonce='&quot;5e56a61d71&quot;'><\/div>\r\n\r\n            \t \r\n\t\t\n\n\n<p><strong>Backen &amp; Kochen<\/strong><\/p>\n\n\n\n<p>Lisi liebte es, feine Kuchen, Muffins oder Crepes zu backen. Am liebsten mit Papi, der in unserer Familie der B\u00e4cker ist. Beim Backen sollte man sich tunlichst an das Rezept halten, Korrekturen sind hinterher nur schwer m\u00f6glich. Ich glaube, das fand Lisi daran so faszinierend und das ist es was Beni am Backen gef\u00e4llt: es gibt einen klaren Plan und an den h\u00e4lt man sich. Und das ist genau das, was mir \u2013 Nicole \u2013 so schwer f\u00e4llt und weshalb ich die K\u00f6chin in unserer Familie bin. Beim Kochen kann man wunderbar improvisieren und innovieren und alles am Ende doch noch in eine andere Richtung bringen, doch ein bischen sch\u00e4rfer oder milder\u2026 man kann nach Rezept kochen, muss aber nicht. Kochrezepte sind f\u00fcr mich eher eine Inspiration als ein genauer Fahrplan. Hierin waren Lisi und ich grundverschieden. Lisi liebte die Ordnung und einen genauen Plan zu haben. Sie fand das auch in der Schule toll, ein Stundenplan und Wochenplan, der die Arbeiten vorgibt. Solche Strukturen vereinfachen die Komplexit\u00e4t und das hat Lisi sehr gesch\u00e4tzt.<br>In jedem Fall hat Lisi auch immer sehr gern gegessen \u2013 ob rezentes oder fruchtiges\u2026 ihre Lieblingsgerichte waren:<br>\u2981 Spaghetti Carbonara<br>\u2981 K\u00e4sefondue<br>\u2981 K\u00e4sesp\u00e4tzli<br>\u2981 Kartoffelgratin<br>\u2981 Moules frittes<br>\u2981 Lasagne<\/p>\n\n\n\t \r\n\t\t<div class='wp-block-lbb-lightbox  align' id='lbbLightBox-23a362da-0' data-attributes='{&quot;cId&quot;:&quot;23a362da-0&quot;,&quot;lightboxType&quot;:&quot;gallery&quot;,&quot;items&quot;:[{&quot;type&quot;:&quot;image&quot;,&quot;thumbnail&quot;:&quot;https:\\\/\\\/bblockswp.com\\\/wp-content\\\/demo\\\/img\\\/green-hill.jpg&quot;,&quot;content&quot;:&quot;https:\\\/\\\/www.lisibischof.ch\\\/wp-content\\\/uploads\\\/2024\\\/07\\\/20230608_163250-scaled.jpg&quot;,&quot;caption&quot;:&quot;Caption Here&quot;},{&quot;type&quot;:&quot;image&quot;,&quot;thumbnail&quot;:&quot;https:\\\/\\\/bblockswp.com\\\/wp-content\\\/demo\\\/img\\\/green-hill.jpg&quot;,&quot;content&quot;:&quot;https:\\\/\\\/www.lisibischof.ch\\\/wp-content\\\/uploads\\\/2024\\\/07\\\/20230608_163256-scaled.jpg&quot;},{&quot;type&quot;:&quot;image&quot;,&quot;thumbnail&quot;:&quot;https:\\\/\\\/bblockswp.com\\\/wp-content\\\/demo\\\/img\\\/green-hill.jpg&quot;,&quot;content&quot;:&quot;https:\\\/\\\/www.lisibischof.ch\\\/wp-content\\\/uploads\\\/2024\\\/07\\\/20230608_151659-scaled.jpg&quot;},{&quot;type&quot;:&quot;image&quot;,&quot;thumbnail&quot;:&quot;https:\\\/\\\/bblockswp.com\\\/wp-content\\\/demo\\\/img\\\/green-hill.jpg&quot;,&quot;content&quot;:&quot;https:\\\/\\\/www.lisibischof.ch\\\/wp-content\\\/uploads\\\/2024\\\/07\\\/IMG-20220218-WA0001.jpg&quot;},{&quot;type&quot;:&quot;image&quot;,&quot;thumbnail&quot;:&quot;https:\\\/\\\/bblockswp.com\\\/wp-content\\\/demo\\\/img\\\/green-hill.jpg&quot;,&quot;content&quot;:&quot;https:\\\/\\\/www.lisibischof.ch\\\/wp-content\\\/uploads\\\/2024\\\/07\\\/20211020_201334-scaled.jpg&quot;},{&quot;type&quot;:&quot;image&quot;,&quot;thumbnail&quot;:&quot;https:\\\/\\\/bblockswp.com\\\/wp-content\\\/demo\\\/img\\\/green-hill.jpg&quot;,&quot;content&quot;:&quot;https:\\\/\\\/www.lisibischof.ch\\\/wp-content\\\/uploads\\\/2024\\\/07\\\/IMG-20220824-WA0001.jpg&quot;},{&quot;type&quot;:&quot;image&quot;,&quot;thumbnail&quot;:&quot;https:\\\/\\\/bblockswp.com\\\/wp-content\\\/demo\\\/img\\\/green-hill.jpg&quot;,&quot;content&quot;:&quot;https:\\\/\\\/www.lisibischof.ch\\\/wp-content\\\/uploads\\\/2024\\\/07\\\/IMG-20220906-WA0016.jpg&quot;},{&quot;type&quot;:&quot;image&quot;,&quot;thumbnail&quot;:&quot;https:\\\/\\\/bblockswp.com\\\/wp-content\\\/demo\\\/img\\\/green-hill.jpg&quot;,&quot;content&quot;:&quot;https:\\\/\\\/www.lisibischof.ch\\\/wp-content\\\/uploads\\\/2024\\\/09\\\/2023_03_31-18_57_40-scaled.jpg&quot;}],&quot;align&quot;:&quot;&quot;,&quot;layout&quot;:&quot;default&quot;,&quot;columns&quot;:{&quot;desktop&quot;:3,&quot;tablet&quot;:2,&quot;mobile&quot;:1},&quot;columnGap&quot;:&quot;25px&quot;,&quot;rowGap&quot;:&quot;25px&quot;,&quot;content&quot;:{&quot;caption&quot;:false,&quot;overlyColor&quot;:false},&quot;button&quot;:{&quot;icon&quot;:{&quot;class&quot;:&quot;fab fa-wordpress&quot;},&quot;text&quot;:&quot;Image&quot;},&quot;galleryIcon&quot;:true,&quot;popupOptions&quot;:{&quot;mixAllData&quot;:false},&quot;popupIconLeft&quot;:{&quot;infobar&quot;:true},&quot;popupIconMiddle&quot;:{&quot;zoomIn&quot;:true,&quot;zoomOut&quot;:true,&quot;toggle1to1&quot;:false,&quot;rotateCCW&quot;:false,&quot;rotateCW&quot;:false,&quot;flipX&quot;:false,&quot;flipY&quot;:false,&quot;fullscreen&quot;:true},&quot;popupIconRight&quot;:{&quot;twitter&quot;:false,&quot;facebook&quot;:false,&quot;download&quot;:false,&quot;slideshow&quot;:true,&quot;thumbs&quot;:true,&quot;close&quot;:true},&quot;thumb&quot;:{&quot;type&quot;:&quot;classic&quot;,&quot;showOnStart&quot;:true,&quot;minCount&quot;:2},&quot;slideShow&quot;:{&quot;playOnStart&quot;:false,&quot;timeout&quot;:3000},&quot;options&quot;:{&quot;wheel&quot;:&quot;zoom&quot;,&quot;transition&quot;:&quot;fade&quot;},&quot;controls&quot;:{&quot;play-large&quot;:true,&quot;restart&quot;:false,&quot;rewind&quot;:true,&quot;play&quot;:true,&quot;fast-forward&quot;:true,&quot;progress&quot;:true,&quot;current-time&quot;:false,&quot;duration&quot;:false,&quot;mute&quot;:false,&quot;volume&quot;:true,&quot;pip&quot;:false,&quot;airplay&quot;:false,&quot;settings&quot;:false,&quot;download&quot;:false,&quot;fullscreen&quot;:true},&quot;playerColor&quot;:&quot;#03a5ed&quot;,&quot;overlyColor&quot;:&quot;#00000061&quot;,&quot;img&quot;:{&quot;animation&quot;:&quot;zoomIn&quot;,&quot;borderRadius&quot;:5},&quot;image&quot;:{&quot;ratio&quot;:&quot;4:3&quot;},&quot;imgBorder&quot;:{&quot;color&quot;:&quot;#4527a4&quot;,&quot;style&quot;:&quot;solid&quot;,&quot;width&quot;:&quot;0px&quot;},&quot;caption&quot;:{&quot;position&quot;:&quot;overlyCenter&quot;},&quot;captionTypo&quot;:{&quot;fontSize&quot;:{&quot;desktop&quot;:16,&quot;tablet&quot;:15,&quot;mobile&quot;:14},&quot;fontWeight&quot;:500,&quot;lineHeight&quot;:&quot;135%&quot;},&quot;captionColors&quot;:{&quot;color&quot;:&quot;#fff&quot;,&quot;bg&quot;:&quot;#00000000&quot;},&quot;btnTypo&quot;:{&quot;fontSize&quot;:{&quot;desktop&quot;:18,&quot;tablet&quot;:15,&quot;mobile&quot;:14},&quot;fontWeight&quot;:500,&quot;lineHeight&quot;:&quot;100%&quot;},&quot;btnWidth&quot;:&quot;&quot;,&quot;btnHeight&quot;:&quot;&quot;,&quot;btnAlign&quot;:&quot;left&quot;,&quot;btnType&quot;:&quot;&quot;,&quot;btnStyle&quot;:&quot;&quot;,&quot;btnColors&quot;:{&quot;color&quot;:&quot;#4527a4&quot;,&quot;bg&quot;:&quot;#fff&quot;},&quot;btnHovColors&quot;:{&quot;color&quot;:&quot;#333&quot;,&quot;bg&quot;:&quot;#fff&quot;},&quot;btnPadding&quot;:{&quot;top&quot;:&quot;8px&quot;,&quot;right&quot;:&quot;15px&quot;,&quot;bottom&quot;:&quot;8px&quot;,&quot;left&quot;:&quot;15px&quot;},&quot;btnBorder&quot;:{&quot;color&quot;:&quot;#4527a4&quot;,&quot;style&quot;:&quot;solid&quot;,&quot;width&quot;:&quot;1px&quot;},&quot;btnRadius&quot;:{&quot;top&quot;:&quot;3px&quot;,&quot;right&quot;:&quot;3px&quot;,&quot;bottom&quot;:&quot;3px&quot;,&quot;left&quot;:&quot;3px&quot;},&quot;btnSpaceBetween&quot;:&quot;10px&quot;,&quot;styles&quot;:&quot;&quot;}' data-content-indexs=\"[]\" data-nonce='&quot;5e56a61d71&quot;'><\/div>\r\n\r\n            \t \r\n\t\t\n\n\n<p>Lisi liebt malen, am liebsten mit fl\u00fcssigen, leuchtenden Farben und ohne Pinsel<\/p>\n\n\n\t \r\n\t\t<div class='wp-block-lbb-lightbox  align' id='lbbLightBox-57e1dbce-3' data-attributes='{&quot;cId&quot;:&quot;57e1dbce-3&quot;,&quot;lightboxType&quot;:&quot;gallery&quot;,&quot;items&quot;:[{&quot;type&quot;:&quot;image&quot;,&quot;thumbnail&quot;:&quot;https:\\\/\\\/bblockswp.com\\\/wp-content\\\/demo\\\/img\\\/green-hill.jpg&quot;,&quot;content&quot;:&quot;https:\\\/\\\/www.lisibischof.ch\\\/wp-content\\\/uploads\\\/2024\\\/08\\\/IMG-20230302-WA0021.jpg&quot;,&quot;caption&quot;:&quot;Caption Here&quot;},{&quot;type&quot;:&quot;image&quot;,&quot;thumbnail&quot;:&quot;https:\\\/\\\/bblockswp.com\\\/wp-content\\\/demo\\\/img\\\/green-hill.jpg&quot;,&quot;content&quot;:&quot;https:\\\/\\\/www.lisibischof.ch\\\/wp-content\\\/uploads\\\/2024\\\/08\\\/IMG-20230302-WA0022.jpg&quot;},{&quot;type&quot;:&quot;image&quot;,&quot;thumbnail&quot;:&quot;https:\\\/\\\/bblockswp.com\\\/wp-content\\\/demo\\\/img\\\/green-hill.jpg&quot;,&quot;content&quot;:&quot;https:\\\/\\\/www.lisibischof.ch\\\/wp-content\\\/uploads\\\/2024\\\/09\\\/20230509_111525-scaled.jpg&quot;},{&quot;type&quot;:&quot;image&quot;,&quot;thumbnail&quot;:&quot;https:\\\/\\\/bblockswp.com\\\/wp-content\\\/demo\\\/img\\\/green-hill.jpg&quot;,&quot;content&quot;:&quot;https:\\\/\\\/www.lisibischof.ch\\\/wp-content\\\/uploads\\\/2024\\\/09\\\/20230509_112643-scaled.jpg&quot;}],&quot;align&quot;:&quot;&quot;,&quot;layout&quot;:&quot;default&quot;,&quot;columns&quot;:{&quot;desktop&quot;:3,&quot;tablet&quot;:2,&quot;mobile&quot;:1},&quot;columnGap&quot;:&quot;25px&quot;,&quot;rowGap&quot;:&quot;25px&quot;,&quot;content&quot;:{&quot;caption&quot;:false,&quot;overlyColor&quot;:false},&quot;button&quot;:{&quot;icon&quot;:{&quot;class&quot;:&quot;fab fa-wordpress&quot;},&quot;text&quot;:&quot;Image&quot;},&quot;galleryIcon&quot;:true,&quot;popupOptions&quot;:{&quot;mixAllData&quot;:false},&quot;popupIconLeft&quot;:{&quot;infobar&quot;:true},&quot;popupIconMiddle&quot;:{&quot;zoomIn&quot;:true,&quot;zoomOut&quot;:true,&quot;toggle1to1&quot;:false,&quot;rotateCCW&quot;:false,&quot;rotateCW&quot;:false,&quot;flipX&quot;:false,&quot;flipY&quot;:false,&quot;fullscreen&quot;:true},&quot;popupIconRight&quot;:{&quot;twitter&quot;:false,&quot;facebook&quot;:false,&quot;download&quot;:false,&quot;slideshow&quot;:true,&quot;thumbs&quot;:true,&quot;close&quot;:true},&quot;thumb&quot;:{&quot;type&quot;:&quot;classic&quot;,&quot;showOnStart&quot;:true,&quot;minCount&quot;:2},&quot;slideShow&quot;:{&quot;playOnStart&quot;:false,&quot;timeout&quot;:3000},&quot;options&quot;:{&quot;wheel&quot;:&quot;zoom&quot;,&quot;transition&quot;:&quot;fade&quot;},&quot;controls&quot;:{&quot;play-large&quot;:true,&quot;restart&quot;:false,&quot;rewind&quot;:true,&quot;play&quot;:true,&quot;fast-forward&quot;:true,&quot;progress&quot;:true,&quot;current-time&quot;:false,&quot;duration&quot;:false,&quot;mute&quot;:false,&quot;volume&quot;:true,&quot;pip&quot;:false,&quot;airplay&quot;:false,&quot;settings&quot;:false,&quot;download&quot;:false,&quot;fullscreen&quot;:true},&quot;playerColor&quot;:&quot;#03a5ed&quot;,&quot;overlyColor&quot;:&quot;#00000061&quot;,&quot;img&quot;:{&quot;animation&quot;:&quot;zoomIn&quot;,&quot;borderRadius&quot;:5},&quot;image&quot;:{&quot;ratio&quot;:&quot;4:3&quot;},&quot;imgBorder&quot;:{&quot;color&quot;:&quot;#4527a4&quot;,&quot;style&quot;:&quot;solid&quot;,&quot;width&quot;:&quot;0px&quot;},&quot;caption&quot;:{&quot;position&quot;:&quot;overlyCenter&quot;},&quot;captionTypo&quot;:{&quot;fontSize&quot;:{&quot;desktop&quot;:16,&quot;tablet&quot;:15,&quot;mobile&quot;:14},&quot;fontWeight&quot;:500,&quot;lineHeight&quot;:&quot;135%&quot;},&quot;captionColors&quot;:{&quot;color&quot;:&quot;#fff&quot;,&quot;bg&quot;:&quot;#00000000&quot;},&quot;btnTypo&quot;:{&quot;fontSize&quot;:{&quot;desktop&quot;:18,&quot;tablet&quot;:15,&quot;mobile&quot;:14},&quot;fontWeight&quot;:500,&quot;lineHeight&quot;:&quot;100%&quot;},&quot;btnWidth&quot;:&quot;&quot;,&quot;btnHeight&quot;:&quot;&quot;,&quot;btnAlign&quot;:&quot;left&quot;,&quot;btnType&quot;:&quot;&quot;,&quot;btnStyle&quot;:&quot;&quot;,&quot;btnColors&quot;:{&quot;color&quot;:&quot;#4527a4&quot;,&quot;bg&quot;:&quot;#fff&quot;},&quot;btnHovColors&quot;:{&quot;color&quot;:&quot;#333&quot;,&quot;bg&quot;:&quot;#fff&quot;},&quot;btnPadding&quot;:{&quot;top&quot;:&quot;8px&quot;,&quot;right&quot;:&quot;15px&quot;,&quot;bottom&quot;:&quot;8px&quot;,&quot;left&quot;:&quot;15px&quot;},&quot;btnBorder&quot;:{&quot;color&quot;:&quot;#4527a4&quot;,&quot;style&quot;:&quot;solid&quot;,&quot;width&quot;:&quot;1px&quot;},&quot;btnRadius&quot;:{&quot;top&quot;:&quot;3px&quot;,&quot;right&quot;:&quot;3px&quot;,&quot;bottom&quot;:&quot;3px&quot;,&quot;left&quot;:&quot;3px&quot;},&quot;btnSpaceBetween&quot;:&quot;10px&quot;,&quot;styles&quot;:&quot;&quot;}' data-content-indexs=\"[]\" data-nonce='&quot;5e56a61d71&quot;'><\/div>\r\n\r\n            \t \r\n\t\t","protected":false},"excerpt":{"rendered":"<p>Lisi und die Tiere Lisi liebte Tiere, vor allem Haustiere, die man bei sich haben kann und denen man etwas beibringen kann. Da auch wir uns immer Katzen gew\u00fcnscht hatten, kamen Chicca und Lulu als Geschwisterpaar an Lisi\u2019s 6. Geburtstag, im Februar 2018 zu uns ins Laret. Lulu ist Emil\u2019s Kater und Chicca ist Lisi\u2019s [&hellip;]<\/p>\n","protected":false},"author":1,"featured_media":0,"parent":0,"menu_order":0,"comment_status":"closed","ping_status":"closed","template":"","meta":{"footnotes":""},"class_list":["post-2","page","type-page","status-publish","hentry"],"_links":{"self":[{"href":"https:\/\/www.lisibischof.ch\/index.php\/wp-json\/wp\/v2\/pages\/2","targetHints":{"allow":["GET"]}}],"collection":[{"href":"https:\/\/www.lisibischof.ch\/index.php\/wp-json\/wp\/v2\/pages"}],"about":[{"href":"https:\/\/www.lisibischof.ch\/index.php\/wp-json\/wp\/v2\/types\/page"}],"author":[{"embeddable":true,"href":"https:\/\/www.lisibischof.ch\/index.php\/wp-json\/wp\/v2\/users\/1"}],"replies":[{"embeddable":true,"href":"https:\/\/www.lisibischof.ch\/index.php\/wp-json\/wp\/v2\/comments?post=2"}],"version-history":[{"count":19,"href":"https:\/\/www.lisibischof.ch\/index.php\/wp-json\/wp\/v2\/pages\/2\/revisions"}],"predecessor-version":[{"id":339,"href":"https:\/\/www.lisibischof.ch\/index.php\/wp-json\/wp\/v2\/pages\/2\/revisions\/339"}],"wp:attachment":[{"href":"https:\/\/www.lisibischof.ch\/index.php\/wp-json\/wp\/v2\/media?parent=2"}],"curies":[{"name":"wp","href":"https:\/\/api.w.org\/{rel}","templated":true}]}}