{"id":306,"date":"2024-09-11T15:30:46","date_gmt":"2024-09-11T15:30:46","guid":{"rendered":"https:\/\/www.lisibischof.ch\/?page_id=306"},"modified":"2024-09-11T15:41:17","modified_gmt":"2024-09-11T15:41:17","slug":"koboldengeschichten","status":"publish","type":"page","link":"https:\/\/www.lisibischof.ch\/index.php\/koboldengeschichten\/","title":{"rendered":"Koboldengeschichten"},"content":{"rendered":"\n<p><strong>Koboldegeschichte f\u00fcr Lisi&#8217;s Abdankung<br><\/strong><em>Auf einer wundersch\u00f6nen, kreisrunden Lichtung in den Bergen, umringt von Wunderwald leben die 5 Kobolde Lisi, Emil, Chicca, Lulu und Sisu. Die Lichtung ist voller weichem Moos und es schl\u00e4ngelt sich ein B\u00e4chlein dadurch und fliesst in den kristallklaren See.<br>Die 5 Kobolde gingen in den Wald und haben Gl\u00fcckspilze gesucht. Gl\u00fcckspilze kennt ihr sicher, sie haben eine rote Kappe mit weissen Punkten, wie Fliegenpilze, aber sie sind nicht giftig im Gegenteil, sie machen sch\u00f6ne Tr\u00e4ume. Unsere 5 Kobolde gehen mit den Gl\u00fcckspilzen zur\u00fcck nach Hause und legen sich in ihre H\u00e4ngematten. Die h\u00e4ngen zwischen 3 grossen L\u00e4rchenb\u00e4umen \u00fcbereinander. Sisus H\u00e4ngematte ist zu unterst und Chiccas zuoberst. Die anderen 3 sind dazwischen. Jeder nimmt ein St\u00fcckchen vom Gl\u00fcckspilz und sie schlafen ein. Sie haben wundersch\u00f6ne Tr\u00e4ume. Kobold Emil tr\u00e4umt, er sei ein Fussballstar und f\u00e4hrt einen Lamborghini. Kobold Chicca tr\u00e4umt davon, dass sie nochmal Katzenbabies bekommt, 10 St\u00fcck. Kobold Lulu tr\u00e4umt, dass er ganz mutig ist und mit Sisu kuschelt. Und Kobold Sisu tr\u00e4umt von einem riesigen Haufen leckerer Knochen. Und Kobold Lisi tr\u00e4umt, dass sie mit einer Herde Isl\u00e4nder \u00fcber den Regenbogen reitet.<br>Am n\u00e4chsten Tag gehen sie wieder in die Waldschule und machen allerlei Unsinn. Am Abend nehmen sie wieder ein St\u00fcck vom Gl\u00fcckspilz und tr\u00e4umen alle zusammen den gleichen Traum: sie k\u00f6nnen fliegen und zwischen ihrer wundersch\u00f6nen Waldlichtung und der Anderswelt hin und her wechseln. Kobold Lisi traut sich als erste, das auszuprobieren und fliegt zu den Sternen. Die anderen Kobolde probieren auch zu fliegen und sehen die Waldlichtung von oben. Aber bis zu den Sternen trauen sie sich doch noch nicht. Kobold Lisi bleibt eine ganze lange Weile weg. Doch dann kommt sie zur\u00fcck und bringt Sternenstaub mit. Den pustet sie \u00fcber die Kobolde und es funkelt und glitzert in allen Farben des Regenbogens. Sie erz\u00e4hlt, dass sie mit einem magischen weissen Einhorn \u00fcber den Regenbogen geflogen ist und dass es dort oben wundersch\u00f6n ist und sie sich so frei wie nie f\u00fchlt und gern von nun an dort oben bleiben m\u00f6chte. Die anderen Kobolde trauen sich trotzdem nicht, sie dorthin zu begleiten und so machen sie ab, dass Kobold Lisi sie jede Nacht im Traum besuchen kommt und Sternenstaub mitbringt und sie zusammen feiern, tanzen und lachen.<\/em><\/p>\n\n\n\n<figure class=\"wp-block-image size-large\"><img loading=\"lazy\" decoding=\"async\" width=\"768\" height=\"1024\" src=\"https:\/\/www.lisibischof.ch\/wp-content\/uploads\/2024\/09\/IMG-20240908-WA0025-768x1024.jpg\" alt=\"\" class=\"wp-image-305\" srcset=\"https:\/\/www.lisibischof.ch\/wp-content\/uploads\/2024\/09\/IMG-20240908-WA0025-768x1024.jpg 768w, https:\/\/www.lisibischof.ch\/wp-content\/uploads\/2024\/09\/IMG-20240908-WA0025-225x300.jpg 225w, https:\/\/www.lisibischof.ch\/wp-content\/uploads\/2024\/09\/IMG-20240908-WA0025-1152x1536.jpg 1152w, https:\/\/www.lisibischof.ch\/wp-content\/uploads\/2024\/09\/IMG-20240908-WA0025.jpg 1500w\" sizes=\"auto, (max-width: 768px) 100vw, 768px\" \/><\/figure>\n\n\n\n<p><strong>Kobeldengeschichte f\u00fcr Lisi\u2019s Gedenkfeier<\/strong><br><em>Inzwischen ist auf der Waldlichtung der Kobolde der Winter eingekehrt: das B\u00e4chlein ist gefroren, die B\u00e4ume tief verschneit und die Wiesen mit einem dicken Pulverschneemantel bedeckt. Doch was ist aus den Kobolden geworden? Wie ergeht es denen im tiefen Winter?<br>Kobold Lisi ist frei und gl\u00fccklich, sie entdeckt die Sterne und hat schon viele neue Bekanntschaften gemacht. Am meisten Freude hat sie, dass der Sternenstaub in den kalten, klaren Wintern\u00e4chten besonders sch\u00f6n leuchtet und bringt sie jede Nacht fleissig den Glitzer-Zauber mit zu ihren irdischen Kobolden.<br>Diese freuen sich sehr dar\u00fcber, dass sie in ihren Tr\u00e4umen weiterhin mit Kobold Lisi Schabernack treiben k\u00f6nnen, lachen, tanzen und feiern k\u00f6nnen. Doch wie ergeht es den irdischen Kobolden denn eigentlich im Winter? Bei Kobold Emil herrscht grosse Freude: die breiten Ski stehen zum Powdern bereit und jeden Tag wird fleissig am Iglu gebaut, am liebsten mit Kobold-Nachbarin Pierina. Kobold Sisu findet den tiefen Schnee auch sensationell \u2013 am liebsten springt er wie ein Hase weit in die Luft, um dann mit vollem Schuss in den Schnee zu tauchen. W\u00e4ren da nur nicht diese bl\u00f6den Schneeknollen, die an seinem zottligen Fell h\u00e4ngen. F\u00fcr die Kobolden Chicca [Aussprache: Tschitscha] und Lulu ist es Zeit, wieder mehr im Haus zu sein, leider sind die M\u00e4use jetzt nur noch schwierig zu finden, doch an einigen Geheimecken im Stall wird Kobold Chicca doch noch f\u00fcndig.<br>Nat\u00fcrlich vermissen alle Kobolde ihren Meister-Kobold Lisi schon sehr. \u00abWer \u00fcbt denn jetzt mit mir lustige Tricks?\u00bb denkt Kobold Sisu wehm\u00fctig und \u00abWer kuschelt mich jetzt den ganzen Nachmittag\u00bb, maunzt Kobold Chicca. Kobold Lulu fragt sich: \u00abWer k\u00e4mmt denn jetzt mein Fell\u00bb und Kobold Emil vermisst Kobold Lisi bei so vielem, beim Mathe-Hausaufgaben machen, beim Skifahren, beim Basteln und beim Kochen.<br>Aber zum Gl\u00fcck sp\u00fcren alle Kobolde, dass Kobold Lisi gl\u00fccklich ist. Und sie sp\u00fcren auch, dass auf der Waldlichtung weithin viel Leben und viele sch\u00f6ne Erlebnisse sind. Und wenn sie mal einen nicht so guten Tag haben, dann<br>k\u00f6nnen sie sich jeden Abend auf eine Nacht voller Sternenstaub freuen und gemeinsames feiern, tanzen und lachen.<\/em><\/p>\n\n\n\n<figure class=\"wp-block-image size-large\"><img loading=\"lazy\" decoding=\"async\" width=\"768\" height=\"1024\" src=\"https:\/\/www.lisibischof.ch\/wp-content\/uploads\/2024\/09\/2024_03_10-17_02_30-768x1024.jpg\" alt=\"\" class=\"wp-image-310\" srcset=\"https:\/\/www.lisibischof.ch\/wp-content\/uploads\/2024\/09\/2024_03_10-17_02_30-768x1024.jpg 768w, https:\/\/www.lisibischof.ch\/wp-content\/uploads\/2024\/09\/2024_03_10-17_02_30-225x300.jpg 225w, https:\/\/www.lisibischof.ch\/wp-content\/uploads\/2024\/09\/2024_03_10-17_02_30-1152x1536.jpg 1152w, https:\/\/www.lisibischof.ch\/wp-content\/uploads\/2024\/09\/2024_03_10-17_02_30-1536x2048.jpg 1536w, https:\/\/www.lisibischof.ch\/wp-content\/uploads\/2024\/09\/2024_03_10-17_02_30-scaled.jpg 1920w\" sizes=\"auto, (max-width: 768px) 100vw, 768px\" \/><\/figure>\n\n\n\n<p><strong>Kobeldengeschichte f\u00fcr Lisi\u2019s Todestag<br><\/strong><em>Damit alle den Anschluss haben machen wir eine kleine R\u00fcckblende. Die f\u00fcnf Kobolde leben auf einer idyllischen Waldlichtung in den Bergen und erleben jeden Tag neue Abendteuer zusammen. Da ist Kobold Katze Chicca [Aussprache: Tschitscha], vor ihr ist keine Maus sicher, dann ist Kobold Kater Lulu, der Gem\u00fctliche, der sich immer mehr mit Kobold Hund Sisu anfreundet. Dieser wiederum ist nach wie vor der wilde, unbeschwerte, lustige Kerl, der alle zum Lachen bringt \u2013 genau wie sein verr\u00fcckter Bruder Kobold Emil! Und wer lacht am meisten und lautesten \u00fcber die zwei wilden Br\u00fcder: nat\u00fcrlich, Kobold Lisi!<br>Nun ist ein Jahr vergangen, seit Kobold Lisi zu den Sternen gegangen ist. Sie geniesst ihre Freiheit und ist \u00fcberaus aktiv. Fleissig produziert sie rosa W\u00f6lkchen am Abendhimmel, riesige und doppelte Regenb\u00f6gen oder magische Sonnenstrahlen und Polarlichter in pink und gr\u00fcn und sendet diese mit viel Sternenstaub zu ihren irdischen Kobolden. Aber es vergeht kein Abend, an dem die Kobolde nicht zusammen auf Erkundungstour gehen. Ganz beliebt ist derzeit ihre Zaubermaschine, wo sie sich gross oder klein zaubern k\u00f6nnen. So haben sie sich neulich ganz klein gezaubert und haben einen Ameisenhaufen besucht und stellten \u00fcberrascht fest, dass es da drin allerhand Vergn\u00fcgungen gibt, wie beispielsweise die lange Tafel mit dem Raupen-Festschmaus oder einen Swimmingpool. Erstaunt waren sie aber auch \u00fcber die Disziplin und Organisation im Ameisenhaufen; das war f\u00fcr die Kobolde ganz neu, schliesslich sind sie bekennend ein wilder Haufen, wo jeder alles darf.<br>Spannend war auch ein Besuch in Lisi\u2019s neuer Welt. Lisi hat die irdischen Kobolde mitgenommen und ihnen gezeigt, wo sie ist und wie sie \u00fcberall sein kann wo sie gern will. Sie kann sich in einen Vogel oder einen Baum verwandeln, fliegt mit dem Wind und ist sehr gern im Wasser \u2013 das hat sie fr\u00fcher als Menschenkind schon geliebt. \u00dcberall sind sie rumgeflitzt, bis es den Kobolden ganz \u00abtr\u00fcmmlig\u00bb war. Sie sind dann gern wieder in ihre Waldlichtung zur\u00fcck gegangen.<br>Dort geniessen Kobold Emil und Kobold Sisu den See, wo sie fast jeden Tag hineinspringen. Kobold Chicca und Kobold Lulu sind im Sommer auf endlosen Streifz\u00fcgen in den sch\u00f6nen Wiesen unterwegs, da und dort mal ein M\u00e4uschen vernaschen. Und trotzdem freuen sie sich jeden Abend ungemein ihren Meister-Kobold Lisi zu treffen, und wieder alle in ihre Traumwelt aufbrechen und gemeinsam Schabernack treiben zu k\u00f6nnen.<\/em><\/p>\n\n\n\n<p><\/p>\n","protected":false},"excerpt":{"rendered":"<p>Koboldegeschichte f\u00fcr Lisi&#8217;s AbdankungAuf einer wundersch\u00f6nen, kreisrunden Lichtung in den Bergen, umringt von Wunderwald leben die 5 Kobolde Lisi, Emil, Chicca, Lulu und Sisu. Die Lichtung ist voller weichem Moos und es schl\u00e4ngelt sich ein B\u00e4chlein dadurch und fliesst in den kristallklaren See.Die 5 Kobolde gingen in den Wald und haben Gl\u00fcckspilze gesucht. Gl\u00fcckspilze kennt [&hellip;]<\/p>\n","protected":false},"author":1,"featured_media":0,"parent":0,"menu_order":5,"comment_status":"closed","ping_status":"closed","template":"","meta":{"footnotes":""},"class_list":["post-306","page","type-page","status-publish","hentry"],"_links":{"self":[{"href":"https:\/\/www.lisibischof.ch\/index.php\/wp-json\/wp\/v2\/pages\/306","targetHints":{"allow":["GET"]}}],"collection":[{"href":"https:\/\/www.lisibischof.ch\/index.php\/wp-json\/wp\/v2\/pages"}],"about":[{"href":"https:\/\/www.lisibischof.ch\/index.php\/wp-json\/wp\/v2\/types\/page"}],"author":[{"embeddable":true,"href":"https:\/\/www.lisibischof.ch\/index.php\/wp-json\/wp\/v2\/users\/1"}],"replies":[{"embeddable":true,"href":"https:\/\/www.lisibischof.ch\/index.php\/wp-json\/wp\/v2\/comments?post=306"}],"version-history":[{"count":4,"href":"https:\/\/www.lisibischof.ch\/index.php\/wp-json\/wp\/v2\/pages\/306\/revisions"}],"predecessor-version":[{"id":312,"href":"https:\/\/www.lisibischof.ch\/index.php\/wp-json\/wp\/v2\/pages\/306\/revisions\/312"}],"wp:attachment":[{"href":"https:\/\/www.lisibischof.ch\/index.php\/wp-json\/wp\/v2\/media?parent=306"}],"curies":[{"name":"wp","href":"https:\/\/api.w.org\/{rel}","templated":true}]}}