{"id":327,"date":"2024-09-18T06:24:31","date_gmt":"2024-09-18T06:24:31","guid":{"rendered":"https:\/\/www.lisibischof.ch\/?page_id=327"},"modified":"2024-09-18T09:39:31","modified_gmt":"2024-09-18T09:39:31","slug":"mit-lisi-in-die-zukunft","status":"publish","type":"page","link":"https:\/\/www.lisibischof.ch\/index.php\/mit-lisi-in-die-zukunft\/","title":{"rendered":"Mit Lisi in die Zukunft"},"content":{"rendered":"\n<figure class=\"wp-block-image size-large\"><img loading=\"lazy\" decoding=\"async\" width=\"1024\" height=\"768\" src=\"https:\/\/www.lisibischof.ch\/wp-content\/uploads\/2024\/09\/20230729_205457-1024x768.jpg\" alt=\"\" class=\"wp-image-346\" srcset=\"https:\/\/www.lisibischof.ch\/wp-content\/uploads\/2024\/09\/20230729_205457-1024x768.jpg 1024w, https:\/\/www.lisibischof.ch\/wp-content\/uploads\/2024\/09\/20230729_205457-300x225.jpg 300w, https:\/\/www.lisibischof.ch\/wp-content\/uploads\/2024\/09\/20230729_205457-768x576.jpg 768w, https:\/\/www.lisibischof.ch\/wp-content\/uploads\/2024\/09\/20230729_205457-1536x1152.jpg 1536w, https:\/\/www.lisibischof.ch\/wp-content\/uploads\/2024\/09\/20230729_205457-2048x1536.jpg 2048w\" sizes=\"auto, (max-width: 1024px) 100vw, 1024px\" \/><\/figure>\n\n\n\n<p>Seitdem das Shima in Davos 2004 seine Pforten ge\u00f6ffnet hat und Cornelia Wiedmer ihre schamanistische Praxis er\u00f6ffnet hat, ist Nicole alle paar Jahre immer wieder zu Cornelia gegangen. Sie war ihr eine wertvolle Lebensbegleiterin. Sie kennt unsere Familie von Beginn an und hat uns durch die schwere Zeit mit Lisi\u2019s Hirntumor-Erkrankung und ihren Tod am 7. September 2023 ganz eng und liebevoll begleitet. Nach einer dieser Sitzungen im Fr\u00fchjahr 2023 meinten Cornelia und Ruth Altermatt, die das Shima zusammen f\u00fchren, dass sie langsam auf der Suche nach einer Nachfolge f\u00fcr das Shima sind, denn sie seien schon \u00fcber das Rentenalter hinaus. Da meinte Nicole ganz spontan \u00abDas k\u00f6nnte ich mir gut vorstellen!\u00bb. Gleichzeitig hatten Beni und Nicole den Wunsch, mal wieder zusammen zu arbeiten, irgendein grosses Projekt gemeinsam zu realisieren. Da kam die Idee, ein B&amp;B und Seminarhotel in Davos zu \u00fcbernehmen genau richtig!<\/p>\n\n\n\t \r\n\t\t<div class='wp-block-lbb-lightbox  align' id='lbbLightBox-0fb1b0d2-6' data-attributes='{&quot;cId&quot;:&quot;0fb1b0d2-6&quot;,&quot;lightboxType&quot;:&quot;gallery&quot;,&quot;items&quot;:[{&quot;type&quot;:&quot;image&quot;,&quot;thumbnail&quot;:&quot;https:\\\/\\\/bblockswp.com\\\/wp-content\\\/demo\\\/img\\\/green-hill.jpg&quot;,&quot;content&quot;:&quot;https:\\\/\\\/www.lisibischof.ch\\\/wp-content\\\/uploads\\\/2024\\\/09\\\/20230513_093913-scaled.jpg&quot;,&quot;caption&quot;:&quot;Caption Here&quot;},{&quot;type&quot;:&quot;image&quot;,&quot;thumbnail&quot;:&quot;https:\\\/\\\/bblockswp.com\\\/wp-content\\\/demo\\\/img\\\/green-hill.jpg&quot;,&quot;content&quot;:&quot;https:\\\/\\\/www.lisibischof.ch\\\/wp-content\\\/uploads\\\/2024\\\/09\\\/20230513_094713-scaled.jpg&quot;},{&quot;type&quot;:&quot;image&quot;,&quot;thumbnail&quot;:&quot;https:\\\/\\\/bblockswp.com\\\/wp-content\\\/demo\\\/img\\\/green-hill.jpg&quot;,&quot;content&quot;:&quot;https:\\\/\\\/www.lisibischof.ch\\\/wp-content\\\/uploads\\\/2024\\\/09\\\/20230511_102226-scaled.jpg&quot;}],&quot;align&quot;:&quot;&quot;,&quot;layout&quot;:&quot;default&quot;,&quot;columns&quot;:{&quot;desktop&quot;:3,&quot;tablet&quot;:2,&quot;mobile&quot;:1},&quot;columnGap&quot;:&quot;25px&quot;,&quot;rowGap&quot;:&quot;25px&quot;,&quot;content&quot;:{&quot;caption&quot;:false,&quot;overlyColor&quot;:false},&quot;button&quot;:{&quot;icon&quot;:{&quot;class&quot;:&quot;fab fa-wordpress&quot;},&quot;text&quot;:&quot;Image&quot;},&quot;galleryIcon&quot;:true,&quot;popupOptions&quot;:{&quot;mixAllData&quot;:false},&quot;popupIconLeft&quot;:{&quot;infobar&quot;:true},&quot;popupIconMiddle&quot;:{&quot;zoomIn&quot;:true,&quot;zoomOut&quot;:true,&quot;toggle1to1&quot;:false,&quot;rotateCCW&quot;:false,&quot;rotateCW&quot;:false,&quot;flipX&quot;:false,&quot;flipY&quot;:false,&quot;fullscreen&quot;:true},&quot;popupIconRight&quot;:{&quot;twitter&quot;:false,&quot;facebook&quot;:false,&quot;download&quot;:false,&quot;slideshow&quot;:true,&quot;thumbs&quot;:true,&quot;close&quot;:true},&quot;thumb&quot;:{&quot;type&quot;:&quot;classic&quot;,&quot;showOnStart&quot;:true,&quot;minCount&quot;:2},&quot;slideShow&quot;:{&quot;playOnStart&quot;:false,&quot;timeout&quot;:3000},&quot;options&quot;:{&quot;wheel&quot;:&quot;zoom&quot;,&quot;transition&quot;:&quot;fade&quot;},&quot;controls&quot;:{&quot;play-large&quot;:true,&quot;restart&quot;:false,&quot;rewind&quot;:true,&quot;play&quot;:true,&quot;fast-forward&quot;:true,&quot;progress&quot;:true,&quot;current-time&quot;:false,&quot;duration&quot;:false,&quot;mute&quot;:false,&quot;volume&quot;:true,&quot;pip&quot;:false,&quot;airplay&quot;:false,&quot;settings&quot;:false,&quot;download&quot;:false,&quot;fullscreen&quot;:true},&quot;playerColor&quot;:&quot;#03a5ed&quot;,&quot;overlyColor&quot;:&quot;#00000061&quot;,&quot;img&quot;:{&quot;animation&quot;:&quot;zoomIn&quot;,&quot;borderRadius&quot;:5},&quot;image&quot;:{&quot;ratio&quot;:&quot;4:3&quot;},&quot;imgBorder&quot;:{&quot;color&quot;:&quot;#4527a4&quot;,&quot;style&quot;:&quot;solid&quot;,&quot;width&quot;:&quot;0px&quot;},&quot;caption&quot;:{&quot;position&quot;:&quot;overlyCenter&quot;},&quot;captionTypo&quot;:{&quot;fontSize&quot;:{&quot;desktop&quot;:16,&quot;tablet&quot;:15,&quot;mobile&quot;:14},&quot;fontWeight&quot;:500,&quot;lineHeight&quot;:&quot;135%&quot;},&quot;captionColors&quot;:{&quot;color&quot;:&quot;#fff&quot;,&quot;bg&quot;:&quot;#00000000&quot;},&quot;btnTypo&quot;:{&quot;fontSize&quot;:{&quot;desktop&quot;:18,&quot;tablet&quot;:15,&quot;mobile&quot;:14},&quot;fontWeight&quot;:500,&quot;lineHeight&quot;:&quot;100%&quot;},&quot;btnWidth&quot;:&quot;&quot;,&quot;btnHeight&quot;:&quot;&quot;,&quot;btnAlign&quot;:&quot;left&quot;,&quot;btnType&quot;:&quot;&quot;,&quot;btnStyle&quot;:&quot;&quot;,&quot;btnColors&quot;:{&quot;color&quot;:&quot;#4527a4&quot;,&quot;bg&quot;:&quot;#fff&quot;},&quot;btnHovColors&quot;:{&quot;color&quot;:&quot;#333&quot;,&quot;bg&quot;:&quot;#fff&quot;},&quot;btnPadding&quot;:{&quot;top&quot;:&quot;8px&quot;,&quot;right&quot;:&quot;15px&quot;,&quot;bottom&quot;:&quot;8px&quot;,&quot;left&quot;:&quot;15px&quot;},&quot;btnBorder&quot;:{&quot;color&quot;:&quot;#4527a4&quot;,&quot;style&quot;:&quot;solid&quot;,&quot;width&quot;:&quot;1px&quot;},&quot;btnRadius&quot;:{&quot;top&quot;:&quot;3px&quot;,&quot;right&quot;:&quot;3px&quot;,&quot;bottom&quot;:&quot;3px&quot;,&quot;left&quot;:&quot;3px&quot;},&quot;btnSpaceBetween&quot;:&quot;10px&quot;,&quot;styles&quot;:&quot;&quot;}' data-content-indexs=\"[]\" data-nonce='&quot;5e56a61d71&quot;'><\/div>\r\n\r\n            \t \r\n\t\t\n\n\n<p>Im Juni 2023 haben wir uns dann zum ersten Mal an einen Tisch in der Jurte gesetzt, mit Lisi und Ideen gesponnen. Lisi war von der Idee, dass wir das Shima \u00fcbernehmen k\u00f6nnten, sofort begeistert! Ab da ging uns der Gedanke nicht mehr aus dem Kopf und wir haben mit Lisi und Emil Pl\u00e4ne geschmiedet. Auch Emil fand die Idee toll.<\/p>\n\n\n\n<p>Nach Lisi\u2019s Tod haben wir die Idee, das Shima mit gleichem Konzept fortzuf\u00fchren, weiterverfolgt und es kam der Gedanke dazu, im Shima einen Ort zu schaffen, an dem Bewusstseinserweiterung m\u00f6glich wird. Denn das hat Lisi uns erm\u00f6glicht, unser Bewusstsein zu erweitern und in Dimensionen einzutauchen, von denen wir vor ihrer Erkrankung nichts geahnt haben. Wir durften erkennen, dass die feinstoffliche Welt gross und m\u00e4chtig ist und mit positivem Denken viel m\u00f6glich wird. So sehr wir Lisi vermissen im Hier und Jetzt, so sehr hat sie unsere Gedanken befl\u00fcgelt und wir m\u00f6chten das Shima in ihrem Sinne weiterf\u00fchren und ihr unsere Arbeit widmen\u2026<\/p>\n\n\n\n<figure class=\"wp-block-image size-large\"><img loading=\"lazy\" decoding=\"async\" width=\"1024\" height=\"768\" src=\"https:\/\/www.lisibischof.ch\/wp-content\/uploads\/2024\/09\/20230110_150126-1024x768.jpg\" alt=\"\" class=\"wp-image-334\" srcset=\"https:\/\/www.lisibischof.ch\/wp-content\/uploads\/2024\/09\/20230110_150126-1024x768.jpg 1024w, https:\/\/www.lisibischof.ch\/wp-content\/uploads\/2024\/09\/20230110_150126-300x225.jpg 300w, https:\/\/www.lisibischof.ch\/wp-content\/uploads\/2024\/09\/20230110_150126-768x576.jpg 768w, https:\/\/www.lisibischof.ch\/wp-content\/uploads\/2024\/09\/20230110_150126-1536x1152.jpg 1536w, https:\/\/www.lisibischof.ch\/wp-content\/uploads\/2024\/09\/20230110_150126-2048x1536.jpg 2048w\" sizes=\"auto, (max-width: 1024px) 100vw, 1024px\" \/><\/figure>\n\n\n\n<p>Nun ist es also soweit, wir k\u00f6nnen das Shima ab 1.1.2025 als Gesch\u00e4ftsf\u00fchrer weiterf\u00fchren und m\u00f6chten euch die Gelegenheit bieten, dabei zu sein, euch zu beteiligen und im Shima einen wundervollen Ort zu erleben. Das Shima ist eine Aktiengesellschaft und einige der Mitstreiter von Ruth und Cornelia aus den Anf\u00e4ngen des Shima werden ebenfalls altersbedingt aus dem Kreis der Shima-F\u00f6rderer austreten und damit werden ihre Aktien frei. Es k\u00f6nnen also Shima-Anteile gekauft werden und hier w\u00fcrden wir uns sehr freuen, wenn einige von euch sich hierf\u00fcr begeistern k\u00f6nnen.<\/p>\n\n\n\n<p>Im diesem <strong><a href=\"https:\/\/www.lisibischof.ch\/wp-content\/uploads\/2024\/09\/Flyer.pdf\">Flyer<\/a> <\/strong>findet ihr Inspirationen und konkrete Informationen, um im Shima einzusteigen und Aktion\u00e4rIn zu werden.<\/p>\n\n\n\n<p>Wir freuen uns auf dieses gemeinsame Abenteuer \u2013 mit euch!<\/p>\n\n\n\n<p>Nicole und Beni mit Emil und Lisi\u2019s Geist<\/p>\n","protected":false},"excerpt":{"rendered":"<p>Seitdem das Shima in Davos 2004 seine Pforten ge\u00f6ffnet hat und Cornelia Wiedmer ihre schamanistische Praxis er\u00f6ffnet hat, ist Nicole alle paar Jahre immer wieder zu Cornelia gegangen. Sie war ihr eine wertvolle Lebensbegleiterin. Sie kennt unsere Familie von Beginn an und hat uns durch die schwere Zeit mit Lisi\u2019s Hirntumor-Erkrankung und ihren Tod am [&hellip;]<\/p>\n","protected":false},"author":1,"featured_media":0,"parent":0,"menu_order":6,"comment_status":"closed","ping_status":"closed","template":"","meta":{"footnotes":""},"class_list":["post-327","page","type-page","status-publish","hentry"],"_links":{"self":[{"href":"https:\/\/www.lisibischof.ch\/index.php\/wp-json\/wp\/v2\/pages\/327","targetHints":{"allow":["GET"]}}],"collection":[{"href":"https:\/\/www.lisibischof.ch\/index.php\/wp-json\/wp\/v2\/pages"}],"about":[{"href":"https:\/\/www.lisibischof.ch\/index.php\/wp-json\/wp\/v2\/types\/page"}],"author":[{"embeddable":true,"href":"https:\/\/www.lisibischof.ch\/index.php\/wp-json\/wp\/v2\/users\/1"}],"replies":[{"embeddable":true,"href":"https:\/\/www.lisibischof.ch\/index.php\/wp-json\/wp\/v2\/comments?post=327"}],"version-history":[{"count":7,"href":"https:\/\/www.lisibischof.ch\/index.php\/wp-json\/wp\/v2\/pages\/327\/revisions"}],"predecessor-version":[{"id":352,"href":"https:\/\/www.lisibischof.ch\/index.php\/wp-json\/wp\/v2\/pages\/327\/revisions\/352"}],"wp:attachment":[{"href":"https:\/\/www.lisibischof.ch\/index.php\/wp-json\/wp\/v2\/media?parent=327"}],"curies":[{"name":"wp","href":"https:\/\/api.w.org\/{rel}","templated":true}]}}